{"id":53,"date":"2024-02-29T11:23:59","date_gmt":"2024-02-29T10:23:59","guid":{"rendered":"https:\/\/jacky-couverture44.fr\/index.php\/home\/"},"modified":"2024-03-07T19:19:00","modified_gmt":"2024-03-07T18:19:00","slug":"accueil","status":"publish","type":"page","link":"https:\/\/jacky-couverture44.fr\/","title":{"rendered":"Accueil"},"content":{"rendered":"\n<div class=\"wp-block-columns is-layout-flex wp-container-core-columns-is-layout-9d6595d7 wp-block-columns-is-layout-flex\">\n<div class=\"wp-block-column is-vertically-aligned-top is-layout-flow wp-block-column-is-layout-flow\" style=\"flex-basis:25%\"><div class=\"wp-block-image\">\n<figure class=\"aligncenter size-large is-resized\"><img loading=\"lazy\" decoding=\"async\" width=\"1024\" height=\"728\" src=\"http:\/\/jacky-couverture44.fr\/wp-content\/uploads\/2024\/03\/logo-artisan-1024x728.png\" alt=\"\" class=\"wp-image-154\" style=\"width:200px;height:auto\" srcset=\"https:\/\/jacky-couverture44.fr\/wp-content\/uploads\/2024\/03\/logo-artisan-1024x728.png 1024w, https:\/\/jacky-couverture44.fr\/wp-content\/uploads\/2024\/03\/logo-artisan-300x213.png 300w, https:\/\/jacky-couverture44.fr\/wp-content\/uploads\/2024\/03\/logo-artisan-768x546.png 768w, https:\/\/jacky-couverture44.fr\/wp-content\/uploads\/2024\/03\/logo-artisan.png 1280w\" sizes=\"auto, (max-width: 1024px) 100vw, 1024px\" \/><\/figure>\n<\/div><\/div>\n\n\n\n<div class=\"wp-block-column is-layout-flow wp-block-column-is-layout-flow\" style=\"flex-basis:50%\">\n<p>Vous \u00eates \u00e0 la recherche d\u2019un artisan Couvreur en Loire-Atlantique&nbsp;<\/p>\n\n\n\n<p>Jacky couverture fort de plusieurs ann\u00e9es d\u2019exp\u00e9rience dans le m\u00e9tier de la couverture nous mettons un point d\u2019honneur \u00e0 d\u00e9dier tout notre savoir-faire au service de notre client\u00e8le, professionnel et particulier nous proposons une large gamme de service.<\/p>\n\n\n\n<p><strong>Nos travaux sont couvert par la garantie d\u00e9cennale<\/strong><\/p>\n<\/div>\n\n\n\n<div class=\"wp-block-column is-vertically-aligned-top is-layout-flow wp-block-column-is-layout-flow\" style=\"flex-basis:25%\"><div class=\"wp-block-image\">\n<figure class=\"aligncenter size-full is-resized\"><img loading=\"lazy\" decoding=\"async\" width=\"458\" height=\"286\" src=\"https:\/\/jacky-couverture44.fr\/wp-content\/uploads\/2024\/03\/autocollant-artisan-de-france-edited.jpg\" alt=\"\" class=\"wp-image-160\" style=\"width:220px;height:auto\" srcset=\"https:\/\/jacky-couverture44.fr\/wp-content\/uploads\/2024\/03\/autocollant-artisan-de-france-edited.jpg 458w, https:\/\/jacky-couverture44.fr\/wp-content\/uploads\/2024\/03\/autocollant-artisan-de-france-edited-300x187.jpg 300w\" sizes=\"auto, (max-width: 458px) 100vw, 458px\" \/><\/figure>\n<\/div><\/div>\n<\/div>\n\n\n\n<p><strong>Voici une description d\u00e9taill\u00e9e de nos prestations&nbsp;<\/strong>:<\/p>\n\n\n\n<p><br><\/p>\n\n\n\n<p><\/p>\n\n\n\n<p><strong>1 Charpente&nbsp;: <\/strong>La charpente constitue l\u2019ossature de votre toit. Nous nous occupons de sa r\u00e9paration, de son renforcement et de son remplacement si n\u00e9cessaire.<\/p>\n\n\n\n<p><br><\/p>\n\n\n\n<p><\/p>\n\n\n\n<p><strong>2 Couverture&nbsp;: <\/strong>Nous sommes des artisans professionnels en pose de toiture que ce soit pour colmater une fuite ou installer une nouvelle toiture.<\/p>\n\n\n\n<p><br><\/p>\n\n\n\n<p><\/p>\n\n\n\n<p><strong>3 R\u00e9novation de toiture: <\/strong>Si votre toiture n\u00e9cessite une r\u00e9novation compl\u00e8te, contactez-nous pour lui redonner son \u00e9clat initial.<\/p>\n\n\n\n<p><br><\/p>\n\n\n\n<p><\/p>\n\n\n\n<p><strong>4 Peinture de toiture :&nbsp;<\/strong>Pour rajeunir votre toiture et prolonger sa dur\u00e9e de vie.<\/p>\n\n\n\n<p><br><\/p>\n\n\n\n<p><\/p>\n\n\n\n<p><strong>5 Etanch\u00e9it\u00e9 de toiture :&nbsp;<\/strong>Prot\u00e9gez votre maison des infiltrations d\u2019eau gr\u00e2ce \u00e0 nos services d\u2019imperm\u00e9abilisation de toiture.<\/p>\n\n\n\n<p><br><\/p>\n\n\n\n<p><\/p>\n\n\n\n<p><strong>6 Nettoyage et demoussage de vos toitures&nbsp;: <\/strong>Elimination des mousses et lichens de votre toiture pour prolonger sa dur\u00e9e de vie.<\/p>\n\n\n\n<p><br><\/p>\n\n\n\n<p><\/p>\n\n\n\n<p><strong>7 Zinguerie&nbsp;:&nbsp;<\/strong>Nos artisans sont \u00e0 votre service pour tous les travaux de zinguerie, de la pose de goutti\u00e8res \u00e0 celle des ch\u00e9neaux.<\/p>\n\n\n\n<p><br><\/p>\n\n\n\n<p><\/p>\n\n\n\n<p><strong>8 Pose velux&nbsp;:&nbsp;<\/strong>Vous d\u00e9sirez plus de lumi\u00e8re naturelle dans vos combles ? Nous installons des fen\u00eatres de toit Velux.<\/p>\n\n\n\n<p><br><\/p>\n\n\n\n<p><\/p>\n\n\n\n<p><strong>9 Installation et nettoyage de goutti\u00e8re&nbsp;: <\/strong>Assurez-vous un drainage efficace des eaux de pluie.<\/p>\n\n\n\n<p><br><\/p>\n\n\n\n<p><\/p>\n\n\n\n<p><strong>10 Nettoyage et demoussage&nbsp;de b\u00e2timent industriel<\/strong>.<\/p>\n\n\n\n<p><br><\/p>\n\n\n\n<p><\/p>\n","protected":false},"excerpt":{"rendered":"<p>Vous \u00eates \u00e0 la recherche d\u2019un artisan Couvreur en Loire-Atlantique&nbsp; Jacky couverture fort de plusieurs ann\u00e9es d\u2019exp\u00e9rience dans le m\u00e9tier de la couverture nous mettons un point d\u2019honneur \u00e0 d\u00e9dier tout notre savoir-faire au service de notre client\u00e8le, professionnel et particulier nous proposons une large gamme de service. Nos travaux sont couvert par la garantie [&hellip;]<\/p>\n","protected":false},"author":1,"featured_media":0,"parent":0,"menu_order":0,"comment_status":"closed","ping_status":"closed","template":"templates\/template-homepage.php","meta":{"footnotes":""},"class_list":["post-53","page","type-page","status-publish","hentry"],"_links":{"self":[{"href":"https:\/\/jacky-couverture44.fr\/index.php\/wp-json\/wp\/v2\/pages\/53","targetHints":{"allow":["GET"]}}],"collection":[{"href":"https:\/\/jacky-couverture44.fr\/index.php\/wp-json\/wp\/v2\/pages"}],"about":[{"href":"https:\/\/jacky-couverture44.fr\/index.php\/wp-json\/wp\/v2\/types\/page"}],"author":[{"embeddable":true,"href":"https:\/\/jacky-couverture44.fr\/index.php\/wp-json\/wp\/v2\/users\/1"}],"replies":[{"embeddable":true,"href":"https:\/\/jacky-couverture44.fr\/index.php\/wp-json\/wp\/v2\/comments?post=53"}],"version-history":[{"count":21,"href":"https:\/\/jacky-couverture44.fr\/index.php\/wp-json\/wp\/v2\/pages\/53\/revisions"}],"predecessor-version":[{"id":209,"href":"https:\/\/jacky-couverture44.fr\/index.php\/wp-json\/wp\/v2\/pages\/53\/revisions\/209"}],"wp:attachment":[{"href":"https:\/\/jacky-couverture44.fr\/index.php\/wp-json\/wp\/v2\/media?parent=53"}],"curies":[{"name":"wp","href":"https:\/\/api.w.org\/{rel}","templated":true}]}}